{"id":253,"date":"2025-01-15T20:57:04","date_gmt":"2025-01-15T19:57:04","guid":{"rendered":"https:\/\/resultatbygg.no\/?page_id=253"},"modified":"2025-02-17T17:50:35","modified_gmt":"2025-02-17T16:50:35","slug":"partnere","status":"publish","type":"page","link":"https:\/\/resultatbygg.no\/?page_id=253","title":{"rendered":"Partnere"},"content":{"rendered":"\t\t<div data-elementor-type=\"wp-page\" data-elementor-id=\"253\" class=\"elementor elementor-253\" data-elementor-post-type=\"page\">\n\t\t\t\t<div class=\"elementor-element elementor-element-9d944a7 e-con-full e-flex e-con e-parent\" data-id=\"9d944a7\" data-element_type=\"container\">\n\t\t<div class=\"elementor-element elementor-element-f95c854 e-con-full e-flex e-con e-child\" data-id=\"f95c854\" data-element_type=\"container\">\n\t\t\t\t<div class=\"elementor-element elementor-element-7e37b48 elementor-widget elementor-widget-image\" data-id=\"7e37b48\" data-element_type=\"widget\" data-widget_type=\"image.default\">\n\t\t\t\t<div class=\"elementor-widget-container\">\n\t\t\t\t\t\t\t\t\t\t\t\t\t\t\t<img fetchpriority=\"high\" decoding=\"async\" width=\"2000\" height=\"521\" src=\"https:\/\/resultatbygg.no\/wp-content\/uploads\/2025\/01\/01.jpg\" class=\"attachment-full size-full wp-image-419\" alt=\"\" srcset=\"https:\/\/resultatbygg.no\/wp-content\/uploads\/2025\/01\/01.jpg 2000w, https:\/\/resultatbygg.no\/wp-content\/uploads\/2025\/01\/01-300x78.jpg 300w, https:\/\/resultatbygg.no\/wp-content\/uploads\/2025\/01\/01-1024x267.jpg 1024w, https:\/\/resultatbygg.no\/wp-content\/uploads\/2025\/01\/01-768x200.jpg 768w, https:\/\/resultatbygg.no\/wp-content\/uploads\/2025\/01\/01-1536x400.jpg 1536w\" sizes=\"(max-width: 2000px) 100vw, 2000px\" \/>\t\t\t\t\t\t\t\t\t\t\t\t\t\t\t<\/div>\n\t\t\t\t<\/div>\n\t\t\t\t<\/div>\n\t\t\t\t<\/div>\n\t\t<div class=\"elementor-element elementor-element-d3cfccf e-flex e-con-boxed e-con e-parent\" data-id=\"d3cfccf\" data-element_type=\"container\">\n\t\t\t\t\t<div class=\"e-con-inner\">\n\t\t\t\t<div class=\"elementor-element elementor-element-69442e8 elementor-widget-divider--separator-type-pattern elementor-widget-divider--no-spacing elementor-widget-divider--view-line elementor-widget elementor-widget-divider\" data-id=\"69442e8\" data-element_type=\"widget\" data-widget_type=\"divider.default\">\n\t\t\t\t<div class=\"elementor-widget-container\">\n\t\t\t\t\t\t\t<div class=\"elementor-divider\" style=\"--divider-pattern-url: url(&quot;data:image\/svg+xml,%3Csvg xmlns=&#039;http:\/\/www.w3.org\/2000\/svg&#039; preserveAspectRatio=&#039;xMidYMid meet&#039; overflow=&#039;visible&#039; height=&#039;100%&#039; viewBox=&#039;0 0 126 26&#039; fill=&#039;black&#039; stroke=&#039;none&#039;%3E%3Cpath d=&#039;M3,10.2c2.6,0,2.6,2,2.6,3.2S4.4,16.5,3,16.5s-3-1.4-3-3.2S0.4,10.2,3,10.2z M18.8,10.2c1.7,0,3.2,1.4,3.2,3.2s-1.4,3.2-3.2,3.2c-1.7,0-3.2-1.4-3.2-3.2S17,10.2,18.8,10.2z M34.6,10.2c1.5,0,2.6,1.4,2.6,3.2s-0.5,3.2-1.9,3.2c-1.5,0-3.4-1.4-3.4-3.2S33.1,10.2,34.6,10.2z M50.5,10.2c1.7,0,3.2,1.4,3.2,3.2s-1.4,3.2-3.2,3.2c-1.7,0-3.3-0.9-3.3-2.6S48.7,10.2,50.5,10.2z M66.2,10.2c1.5,0,3.4,1.4,3.4,3.2s-1.9,3.2-3.4,3.2c-1.5,0-2.6-0.4-2.6-2.1S64.8,10.2,66.2,10.2z M82.2,10.2c1.7,0.8,2.6,1.4,2.6,3.2s-0.1,3.2-1.6,3.2c-1.5,0-3.7-1.4-3.7-3.2S80.5,9.4,82.2,10.2zM98.6,10.2c1.5,0,2.6,0.4,2.6,2.1s-1.2,4.2-2.6,4.2c-1.5,0-3.7-0.4-3.7-2.1S97.1,10.2,98.6,10.2z M113.4,10.2c1.2,0,2.2,0.9,2.2,3.2s-0.1,3.2-1.3,3.2s-3.1-1.4-3.1-3.2S112.2,10.2,113.4,10.2z&#039;\/%3E%3C\/svg%3E&quot;);\">\n\t\t\t<span class=\"elementor-divider-separator\">\n\t\t\t\t\t\t<\/span>\n\t\t<\/div>\n\t\t\t\t\t\t<\/div>\n\t\t\t\t<\/div>\n\t\t\t\t\t<\/div>\n\t\t\t\t<\/div>\n\t\t<div class=\"elementor-element elementor-element-d680ea6 e-flex e-con-boxed e-con e-parent\" data-id=\"d680ea6\" data-element_type=\"container\">\n\t\t\t\t\t<div class=\"e-con-inner\">\n\t\t<div class=\"elementor-element elementor-element-3b59764 e-con-full e-flex e-con e-child\" data-id=\"3b59764\" data-element_type=\"container\">\n\t\t\t\t<div class=\"elementor-element elementor-element-a95d9a6 elementor-widget elementor-widget-image\" data-id=\"a95d9a6\" data-element_type=\"widget\" data-widget_type=\"image.default\">\n\t\t\t\t<div class=\"elementor-widget-container\">\n\t\t\t\t\t\t\t\t\t\t\t\t\t\t\t<img decoding=\"async\" width=\"262\" height=\"300\" src=\"https:\/\/resultatbygg.no\/wp-content\/uploads\/2025\/01\/Borge-web-grey-262x300.jpg\" class=\"attachment-medium size-medium wp-image-318\" alt=\"\" srcset=\"https:\/\/resultatbygg.no\/wp-content\/uploads\/2025\/01\/Borge-web-grey-262x300.jpg 262w, https:\/\/resultatbygg.no\/wp-content\/uploads\/2025\/01\/Borge-web-grey.jpg 635w\" sizes=\"(max-width: 262px) 100vw, 262px\" \/>\t\t\t\t\t\t\t\t\t\t\t\t\t\t\t<\/div>\n\t\t\t\t<\/div>\n\t\t\t\t<div class=\"elementor-element elementor-element-7e9e24d elementor-widget elementor-widget-text-editor\" data-id=\"7e9e24d\" data-element_type=\"widget\" data-widget_type=\"text-editor.default\">\n\t\t\t\t<div class=\"elementor-widget-container\">\n\t\t\t\t\t\t\t\t\t<h3>B\u00f8rge Brun\u00e6s<\/h3><p>Daglig leder, Utdannet Byggmester, takstmann og teknisk fagskole, Partner<\/p>\t\t\t\t\t\t\t\t<\/div>\n\t\t\t\t<\/div>\n\t\t\t\t<\/div>\n\t\t<div class=\"elementor-element elementor-element-a59fb23 e-con-full e-flex e-con e-child\" data-id=\"a59fb23\" data-element_type=\"container\">\n\t\t\t\t<div class=\"elementor-element elementor-element-93f614a elementor-widget elementor-widget-image\" data-id=\"93f614a\" data-element_type=\"widget\" data-widget_type=\"image.default\">\n\t\t\t\t<div class=\"elementor-widget-container\">\n\t\t\t\t\t\t\t\t\t\t\t\t\t\t\t<img decoding=\"async\" width=\"262\" height=\"300\" src=\"https:\/\/resultatbygg.no\/wp-content\/uploads\/2025\/01\/Ole-web-grey-262x300.jpg\" class=\"attachment-medium size-medium wp-image-335\" alt=\"\" srcset=\"https:\/\/resultatbygg.no\/wp-content\/uploads\/2025\/01\/Ole-web-grey-262x300.jpg 262w, https:\/\/resultatbygg.no\/wp-content\/uploads\/2025\/01\/Ole-web-grey.jpg 635w\" sizes=\"(max-width: 262px) 100vw, 262px\" \/>\t\t\t\t\t\t\t\t\t\t\t\t\t\t\t<\/div>\n\t\t\t\t<\/div>\n\t\t\t\t<div class=\"elementor-element elementor-element-e44609c elementor-widget elementor-widget-text-editor\" data-id=\"e44609c\" data-element_type=\"widget\" data-widget_type=\"text-editor.default\">\n\t\t\t\t<div class=\"elementor-widget-container\">\n\t\t\t\t\t\t\t\t\t<h3>Ole Gunnestad<\/h3><p>Utdannet T\u00f8mrermester, M\u00f8belsnekker og Takstmann Tidligere erfaring fra finans og \u00f8konomi, Partner.<\/p>\t\t\t\t\t\t\t\t<\/div>\n\t\t\t\t<\/div>\n\t\t\t\t<\/div>\n\t\t\t\t\t<\/div>\n\t\t\t\t<\/div>\n\t\t\t\t<\/div>\n\t\t","protected":false},"excerpt":{"rendered":"<p>B\u00f8rge Brun\u00e6s Daglig leder, Utdannet Byggmester, takstmann og teknisk fagskole, Partner Ole Gunnestad Utdannet T\u00f8mrermester, M\u00f8belsnekker og Takstmann Tidligere erfaring fra finans og \u00f8konomi, Partner.<\/p>\n","protected":false},"author":1,"featured_media":0,"parent":0,"menu_order":0,"comment_status":"closed","ping_status":"closed","template":"elementor_header_footer","meta":{"footnotes":""},"class_list":["post-253","page","type-page","status-publish"],"_links":{"self":[{"href":"https:\/\/resultatbygg.no\/index.php?rest_route=\/wp\/v2\/pages\/253","targetHints":{"allow":["GET"]}}],"collection":[{"href":"https:\/\/resultatbygg.no\/index.php?rest_route=\/wp\/v2\/pages"}],"about":[{"href":"https:\/\/resultatbygg.no\/index.php?rest_route=\/wp\/v2\/types\/page"}],"author":[{"embeddable":true,"href":"https:\/\/resultatbygg.no\/index.php?rest_route=\/wp\/v2\/users\/1"}],"replies":[{"embeddable":true,"href":"https:\/\/resultatbygg.no\/index.php?rest_route=%2Fwp%2Fv2%2Fcomments&post=253"}],"version-history":[{"count":55,"href":"https:\/\/resultatbygg.no\/index.php?rest_route=\/wp\/v2\/pages\/253\/revisions"}],"predecessor-version":[{"id":983,"href":"https:\/\/resultatbygg.no\/index.php?rest_route=\/wp\/v2\/pages\/253\/revisions\/983"}],"wp:attachment":[{"href":"https:\/\/resultatbygg.no\/index.php?rest_route=%2Fwp%2Fv2%2Fmedia&parent=253"}],"curies":[{"name":"wp","href":"https:\/\/api.w.org\/{rel}","templated":true}]}}