{"id":243,"date":"2025-01-15T20:56:06","date_gmt":"2025-01-15T19:56:06","guid":{"rendered":"https:\/\/resultatbygg.no\/?page_id=243"},"modified":"2025-02-17T17:47:09","modified_gmt":"2025-02-17T16:47:09","slug":"tjenester","status":"publish","type":"page","link":"https:\/\/resultatbygg.no\/?page_id=243","title":{"rendered":"Tjenester"},"content":{"rendered":"\t\t<div data-elementor-type=\"wp-page\" data-elementor-id=\"243\" class=\"elementor elementor-243\" data-elementor-post-type=\"page\">\n\t\t\t\t<div class=\"elementor-element elementor-element-056f161 e-grid e-con-boxed e-con e-parent\" data-id=\"056f161\" data-element_type=\"container\">\n\t\t\t\t\t<div class=\"e-con-inner\">\n\t\t<div class=\"elementor-element elementor-element-a7c4ead e-con-full e-flex e-con e-child\" data-id=\"a7c4ead\" data-element_type=\"container\">\n\t\t\t\t<div class=\"elementor-element elementor-element-72ea181 elementor-widget__width-inherit elementor-widget elementor-widget-text-editor\" data-id=\"72ea181\" data-element_type=\"widget\" data-widget_type=\"text-editor.default\">\n\t\t\t\t<div class=\"elementor-widget-container\">\n\t\t\t\t\t\t\t\t\t<h1>Byggmester og totalentrepren\u00f8r i Sandefjord.<\/h3>\n<b>Vi tar hele din byggeprosess fra A til \u00c5 og tilbyr f\u00f8lgende tjenester.\n<ul><\/b>\n \t<li>Gratis befaring av ditt byggeprosjekt.<\/li>\n \t<li>T\u00f8mrer og snekkertjenester.<\/li>\n \t<li>Oppf\u00f8ring av nybygg eller tilbygg.<\/li>\n \t<li>Restaurering og rehabilitering av eksisterende boliger.<\/li>\n \t<li>Byggteknisk r\u00e5dgivning\u00a0\u00a0og prosjektering.<\/li>\n \t<li>Utarbeider byggetegninger.<\/li>\n \t<li>Utformer og formulerer bygges\u00f8knad og n\u00f8dvendige dokumenter til kommunen.<\/li>\n<\/ul>\t\t\t\t\t\t\t\t<\/div>\n\t\t\t\t<\/div>\n\t\t\t\t<\/div>\n\t\t<div class=\"elementor-element elementor-element-626dc9e e-con-full e-flex e-con e-child\" data-id=\"626dc9e\" data-element_type=\"container\">\n\t\t\t\t<div class=\"elementor-element elementor-element-a5cd63e elementor-widget__width-inherit elementor-widget elementor-widget-text-editor\" data-id=\"a5cd63e\" data-element_type=\"widget\" data-widget_type=\"text-editor.default\">\n\t\t\t\t<div class=\"elementor-widget-container\">\n\t\t\t\t\t\t\t\t\t<p>V\u00e5re ansatte har h\u00f8y kompetanse innen byggfaget, er ekte Sandefjordinger. Vi er begge partnere og eiere av Resultatbygg AS.<br \/>utdannet i byggfag, med fagbrev, mesterbrev\/byggteknikker. Vi er ogs\u00e5 begge utdannet\u00a0\u00a0takstmenn.<\/p><p>Vi i Resultatbygg tror at den beste markedsf\u00f8ring er forn\u00f8yde kunder, kundens \u00f8nsker er derfor v\u00e5rt fokus uavhengig av st\u00f8rrelse p\u00e5 jobben. Velkommen til oss med dine byggeplaner!<\/p>\t\t\t\t\t\t\t\t<\/div>\n\t\t\t\t<\/div>\n\t\t\t\t<\/div>\n\t\t\t\t\t<\/div>\n\t\t\t\t<\/div>\n\t\t\t\t<\/div>\n\t\t","protected":false},"excerpt":{"rendered":"<p>Byggmester og totalentrepren\u00f8r i Sandefjord. Vi tar hele din byggeprosess fra A til \u00c5 og tilbyr f\u00f8lgende tjenester. Gratis befaring av ditt byggeprosjekt. T\u00f8mrer og snekkertjenester. Oppf\u00f8ring av nybygg eller tilbygg. Restaurering og rehabilitering av eksisterende boliger. Byggteknisk r\u00e5dgivning\u00a0\u00a0og prosjektering. Utarbeider byggetegninger. Utformer og formulerer bygges\u00f8knad og n\u00f8dvendige dokumenter til kommunen. V\u00e5re ansatte har h\u00f8y &#8230; <a title=\"Tjenester\" class=\"read-more\" href=\"https:\/\/resultatbygg.no\/?page_id=243\" aria-label=\"Read more about Tjenester\">Les mer<\/a><\/p>\n","protected":false},"author":1,"featured_media":0,"parent":0,"menu_order":0,"comment_status":"closed","ping_status":"closed","template":"elementor_header_footer","meta":{"footnotes":""},"class_list":["post-243","page","type-page","status-publish"],"_links":{"self":[{"href":"https:\/\/resultatbygg.no\/index.php?rest_route=\/wp\/v2\/pages\/243","targetHints":{"allow":["GET"]}}],"collection":[{"href":"https:\/\/resultatbygg.no\/index.php?rest_route=\/wp\/v2\/pages"}],"about":[{"href":"https:\/\/resultatbygg.no\/index.php?rest_route=\/wp\/v2\/types\/page"}],"author":[{"embeddable":true,"href":"https:\/\/resultatbygg.no\/index.php?rest_route=\/wp\/v2\/users\/1"}],"replies":[{"embeddable":true,"href":"https:\/\/resultatbygg.no\/index.php?rest_route=%2Fwp%2Fv2%2Fcomments&post=243"}],"version-history":[{"count":43,"href":"https:\/\/resultatbygg.no\/index.php?rest_route=\/wp\/v2\/pages\/243\/revisions"}],"predecessor-version":[{"id":968,"href":"https:\/\/resultatbygg.no\/index.php?rest_route=\/wp\/v2\/pages\/243\/revisions\/968"}],"wp:attachment":[{"href":"https:\/\/resultatbygg.no\/index.php?rest_route=%2Fwp%2Fv2%2Fmedia&parent=243"}],"curies":[{"name":"wp","href":"https:\/\/api.w.org\/{rel}","templated":true}]}}